{"id":4169,"date":"2020-12-10T18:16:43","date_gmt":"2020-12-10T17:16:43","guid":{"rendered":"https:\/\/www.grupobertomeu.es\/politica-de-cookies\/"},"modified":"2020-12-14T16:15:08","modified_gmt":"2020-12-14T15:15:08","slug":"cookie-policy","status":"publish","type":"page","link":"https:\/\/www.grupobertomeu.es\/en\/cookie-policy\/","title":{"rendered":"Cookie Policy"},"content":{"rendered":"\t\t<div data-elementor-type=\"wp-page\" data-elementor-id=\"4169\" class=\"elementor elementor-4169 elementor-4054\" data-elementor-post-type=\"page\">\n\t\t\t\t\t\t<section class=\"ob-is-breaking-bad elementor-section elementor-top-section elementor-element elementor-element-6f6e5e6 elementor-section-boxed elementor-section-height-default elementor-section-height-default\" data-id=\"6f6e5e6\" data-element_type=\"section\" data-e-type=\"section\" data-settings=\"{&quot;_ob_bbad_use_it&quot;:&quot;yes&quot;,&quot;_ob_bbad_sssic_use&quot;:&quot;no&quot;,&quot;_ob_glider_is_slider&quot;:&quot;no&quot;}\">\n\t\t\t\t\t\t<div class=\"elementor-container elementor-column-gap-default\">\n\t\t\t\t\t<div class=\"aux-parallax-section elementor-column elementor-col-100 elementor-top-column elementor-element elementor-element-2bd0a8c2\" data-id=\"2bd0a8c2\" data-element_type=\"column\" data-e-type=\"column\" data-settings=\"{&quot;_ob_bbad_is_stalker&quot;:&quot;no&quot;,&quot;_ob_teleporter_use&quot;:false,&quot;_ob_column_hoveranimator&quot;:&quot;no&quot;,&quot;_ob_column_has_pseudo&quot;:&quot;no&quot;}\">\n\t\t\t<div class=\"elementor-widget-wrap elementor-element-populated\">\n\t\t\t\t\t\t<div class=\"elementor-element elementor-element-54d1e07 ob-harakiri-inherit ob-has-background-overlay elementor-widget elementor-widget-heading\" data-id=\"54d1e07\" data-element_type=\"widget\" data-e-type=\"widget\" data-settings=\"{&quot;_ob_use_harakiri&quot;:&quot;yes&quot;,&quot;_ob_harakiri_writing_mode&quot;:&quot;inherit&quot;,&quot;_ob_harakiri_text_clip&quot;:&quot;none&quot;,&quot;_ob_perspektive_use&quot;:&quot;no&quot;,&quot;_ob_poopart_use&quot;:&quot;yes&quot;,&quot;_ob_shadough_use&quot;:&quot;no&quot;,&quot;_ob_allow_hoveranimator&quot;:&quot;no&quot;,&quot;_ob_widget_stalker_use&quot;:&quot;no&quot;}\" data-widget_type=\"heading.default\">\n\t\t\t\t<div class=\"elementor-widget-container\">\n\t\t\t\t\t<h2 class=\"elementor-heading-title elementor-size-default\">Pol\u00edtica de Cookies<\/h2>\t\t\t\t<\/div>\n\t\t\t\t<\/div>\n\t\t\t\t<div class=\"elementor-element elementor-element-67329162 ob-harakiri-inherit ob-has-background-overlay elementor-widget elementor-widget-text-editor\" data-id=\"67329162\" data-element_type=\"widget\" data-e-type=\"widget\" data-settings=\"{&quot;_ob_use_harakiri&quot;:&quot;yes&quot;,&quot;_ob_harakiri_writing_mode&quot;:&quot;inherit&quot;,&quot;_ob_postman_use&quot;:&quot;no&quot;,&quot;_ob_perspektive_use&quot;:&quot;no&quot;,&quot;_ob_poopart_use&quot;:&quot;yes&quot;,&quot;_ob_shadough_use&quot;:&quot;no&quot;,&quot;_ob_allow_hoveranimator&quot;:&quot;no&quot;,&quot;_ob_widget_stalker_use&quot;:&quot;no&quot;}\" data-widget_type=\"text-editor.default\">\n\t\t\t\t<div class=\"elementor-widget-container\">\n\t\t\t\t\t\t\t\t\t<p>En cumplimiento del art\u00edculo 22 de la Ley 34\/2002, de 11 de julio, de servicios de la sociedad de la informaci\u00f3n y de comercio electr\u00f3nico (en adelante, LSSI), en relaci\u00f3n con el Reglamento (UE) 2016\/679 del Parlamento Europeo y del Consejo, de 27 de abril de 2016, General de Protecci\u00f3n de Datos (RGPD) y la Ley Org\u00e1nica 3\/2018, de 5 de diciembre, de Protecci\u00f3n de Datos y garant\u00eda de los derechos digitales (LOPDGDD) a continuaci\u00f3n te informamos que cookies utilizamos y como eliminarlas.<\/p><h4>\u00bfQu\u00e9 son las cookies?<\/h4><p>Seg\u00fan el art. 22.2 de la LSSI los prestadores de servicios podr\u00e1n utilizar dispositivos de almacenamiento y recuperaci\u00f3n de datos en equipos terminales de los destinatarios, a condici\u00f3n de que los mismos hayan dado su consentimiento despu\u00e9s de que se les haya facilitado informaci\u00f3n clara y completa sobre su utilizaci\u00f3n. Todo ello se refiere a la utilizaci\u00f3n de cookies y tecnolog\u00edas similares utilizadas (tales como local shared objects o flash cookies, web beacons o bugs, etc.) para almacenar y recuperar datos de un equipo terminal (por ejemplo, un ordenador, un tel\u00e9fono m\u00f3vil o una tablet) de una persona f\u00edsica o jur\u00eddica que utiliza, sea o no por motivos profesionales, un servicio de la sociedad de la informaci\u00f3n. El considerando 30 del RGPD indica que Las personas f\u00edsicas pueden ser asociadas a identificadores en l\u00ednea facilitados por sus dispositivos, aplicaciones, herramientas y protocolos, como direcciones de los protocolos de internet, identificadores de sesi\u00f3n en forma de \u00abcookies\u00bb u otros identificadores, como etiquetas de identificaci\u00f3n por radiofrecuencia. Esto puede dejar huellas que, en particular, al ser combinadas con identificadores \u00fanicos y otros datos recibidos por los servidores, pueden ser utilizadas para elaborar perfiles de las personas f\u00edsicas e identificarlas. \u00a0menciona estas tecnolog\u00edas y su impacto en la protecci\u00f3n de datos.<\/p><p>Este sitio web utiliza cookies y\/o tecnolog\u00edas similares que almacenan y recuperan informaci\u00f3n cuando navegas. En general, estas tecnolog\u00edas pueden servir para finalidades muy diversas, como, por ejemplo, reconocerte como usuario, obtener informaci\u00f3n sobre tus h\u00e1bitos de navegaci\u00f3n, o personalizar la forma en que se muestra el contenido. Los usos concretos que hacemos de estas tecnolog\u00edas se describen a continuaci\u00f3n<strong>.<\/strong><\/p><h4>En principio te explicamos cuales son las cookies seg\u00fan su funci\u00f3n:<\/h4><table><tbody><tr><td colspan=\"2\" width=\"690\"><strong>COOKIES SEG\u00daN EL PLAZO DE TIEMPO<\/strong><\/td><\/tr><tr><td width=\"151\">COOKIES DE SESION<\/td><td width=\"539\">Son cookies dise\u00f1adas para recabar y almacenar datos mientras el usuario accede a una p\u00e1gina web. Se suelen emplear para almacenar informaci\u00f3n que solo interesa conservar para la prestaci\u00f3n del servicio solicitado por el usuario en una sola ocasi\u00f3n.<\/td><\/tr><tr><td width=\"151\">COOKIES PERSISTENTES<\/td><td width=\"539\">Son un tipo de cookies en el que los datos siguen almacenados en el terminal y a los que se puede acceder y tratar durante un periodo definido por el responsable de la cookie, y que puede ir de unos minutos a varios a\u00f1os.<\/td><\/tr><tr><td colspan=\"2\" width=\"690\"><strong>COOKIES SEG\u00daN LA ENTIDAD QUE LAS GESTIONE<\/strong><\/td><\/tr><tr><td width=\"151\">COOKIES PROPIAS<\/td><td width=\"539\">son aquellas que se env\u00edan al equipo terminal del usuario desde un equipo o dominio gestionado por el propio editor y desde el que se presta el servicio solicitado por el usuario.<\/td><\/tr><tr><td width=\"151\">COOKIES DE TERCEROS<\/td><td width=\"539\">son aquellas que se env\u00edan al equipo terminal del usuario desde un equipo o dominio que no es gestionado por el editor, sino por otra entidad que trata los datos obtenidos trav\u00e9s de las cookies.<\/td><\/tr><tr><td colspan=\"2\" width=\"690\"><strong>COOKIES SEG\u00daN FINALIDAD<\/strong><\/td><\/tr><tr><td width=\"151\">COOKIES T\u00c9CNICAS<\/td><td width=\"539\">son aquellas que permiten al usuario la navegaci\u00f3n a trav\u00e9s de una p\u00e1gina web, plataforma o aplicaci\u00f3n y la utilizaci\u00f3n de las diferentes opciones o servicios que en ella existan, incluyendo aquellas que el editor utiliza para permitir la gesti\u00f3n y operativa de la p\u00e1gina web y habilitar sus funciones y servicios, como, por ejemplo, controlar el tr\u00e1fico y la comunicaci\u00f3n de datos, identificar la sesi\u00f3n, acceder a partes de acceso restringido, recordar los elementos que integran un pedido, realizar el proceso de compra de un pedido, gestionar el pago, controlar el fraude vinculado a la seguridad del servicio, realizar la solicitud de inscripci\u00f3n o participaci\u00f3n en un evento, contar visitas a efectos de la facturaci\u00f3n de licencias del software con el que funciona el servicio (sitio web, plataforma o aplicaci\u00f3n), utilizar elementos de seguridad durante la navegaci\u00f3n, almacenar contenidos para la difusi\u00f3n de v\u00eddeos o sonido, habilitar contenidos din\u00e1micos (por ejemplo, animaci\u00f3n de carga de un texto o imagen) o compartir contenidos a trav\u00e9s de redes sociales. Tambi\u00e9n pertenecen a esta categor\u00eda, por su naturaleza t\u00e9cnica, aquellas cookies que permiten la gesti\u00f3n, de la forma m\u00e1s eficaz posible, de los espacios publicitarios que, como un elemento m\u00e1s de dise\u00f1o o \u201cmaquetaci\u00f3n\u201d del servicio ofrecido al usuario, el editor haya incluido en una p\u00e1gina web, aplicaci\u00f3n o plataforma en base a criterios como el contenido editado, sin que se recopile informaci\u00f3n de los usuarios con fines distintos, como puede ser personalizar ese contenido publicitario u otros contenidos.<\/td><\/tr><tr><td width=\"151\">COOKIES DE PREFERENCIAS O PERSONALIZACI\u00d3N<\/td><td width=\"539\">son aquellas que permiten recordar informaci\u00f3n para que el usuario acceda al servicio con determinadas caracter\u00edsticas que pueden diferenciar su experiencia de la de otros usuarios, como, por ejemplo, el idioma, el n\u00famero de resultados a mostrar cuando el usuario realiza una b\u00fasqueda, el aspecto o contenido del servicio en funci\u00f3n del tipo de navegador a trav\u00e9s del cual el usuario accede al servicio o de la regi\u00f3n desde la que accede al servicio, etc. Si es el propio usuario quien elige esas caracter\u00edsticas (por ejemplo, si selecciona el idioma de un sitio web clicando en el icono de la bandera del pa\u00eds correspondiente), las cookies estar\u00e1n exceptuadas de las obligaciones del art\u00edculo 22.2 de la LSSI por considerarse un servicio expresamente solicitado por el usuario, y ello siempre y cuando las cookies obedezcan exclusivamente a la finalidad seleccionada.<\/td><\/tr><tr><td width=\"151\">COOKIES DE AN\u00c1LISIS O MEDICION<\/td><td width=\"539\">Son aquellas que permiten al responsable de las mismas el seguimiento y an\u00e1lisis del comportamiento de los usuarios de los sitios web a los que est\u00e1n vinculadas, incluida la cuantificaci\u00f3n de los impactos de los anuncios. La informaci\u00f3n recogida mediante este tipo de cookies se utiliza en la medici\u00f3n de la actividad de los sitios web, aplicaci\u00f3n o plataforma, con el fin de introducir mejoras en funci\u00f3n del an\u00e1lisis de los datos de uso que hacen los usuarios del servicio.<\/td><\/tr><tr><td width=\"151\">COOKIES DE PUBLICIDAD COMPORTAMENTAL<\/td><td width=\"539\">Son aquellas que almacenan informaci\u00f3n del comportamiento de los usuarios obtenida a trav\u00e9s de la observaci\u00f3n continuada de sus h\u00e1bitos de navegaci\u00f3n, lo que permite desarrollar un perfil espec\u00edfico para mostrar publicidad en funci\u00f3n del mismo.<\/td><\/tr><tr><td width=\"151\">COOKIES EXCEPTUADAS DE CONSENTIMIENTO<\/td><td width=\"539\"><p>&#8211; Aquellas que permitan \u00fanicamente la comunicaci\u00f3n entre el equipo del usuario y la red.<\/p><p>-Aquella que estrictamente presta un servicio expresamente solicitado por el usuario:<\/p><p>Cookies de entrada de usuario<\/p><p>Cookies de autenticaci\u00f3n o identificaci\u00f3n de usuario (\u00fanicamente de sesi\u00f3n)<\/p><p>Cookies de seguridad del usuario<\/p><p>Cookies de sesi\u00f3n de reproductor multimedia<\/p><p>Cookies de sesi\u00f3n para equilibrar la carga<\/p><p>Cookies de personalizaci\u00f3n de la interfaz de usuario<\/p><p>Determinadas cookies de complemento (plug-in) para intercambiar contenidos sociales<\/p><\/td><\/tr><\/tbody><\/table><p>\u00a0<\/p><p><strong>A continuaci\u00f3n, te definimos las funciones y el tipo de cookies que utilizamos en www.grupobertomeu.es y su finalidad:<\/strong><\/p><p><strong>Cookies t\u00e9cnicas y de personalizaci\u00f3n<\/strong> que son imprescindibles para que el sitio web funciones correctamente, estas cookies no deben ser deshabilitadas ya que ser\u00eda imposible la navegaci\u00f3n funcional.<\/p><p><strong>Cookies de an\u00e1lisis <\/strong>que son aquellas que, tratadas por nosotros o por terceros, nos permiten cuantificar el n\u00famero de usuarios y as\u00ed realizar la medici\u00f3n y an\u00e1lisis estad\u00edstico de la utilizaci\u00f3n que hacen los usuarios del servicio ofertado. Para ello se analiza su navegaci\u00f3n en nuestra p\u00e1gina web con el fin de mejorar la oferta de productos o servicios que le ofrecemos. Nosotros no realizamos transferencias internacionales de datos. Puedes informarte de las transferencias a terceros pa\u00edses que en su caso realizan los terceros identificados en esta pol\u00edtica de cookies en sus correspondientes pol\u00edticas, a continuaci\u00f3n, tienes los enlaces:<\/p><p>Los servicios se prestan a trav\u00e9s de: Google Analytics, Puedes obtener m\u00e1s informaci\u00f3n en los siguientes enlaces <a href=\"https:\/\/www.google.es\/intl\/es\/policies\/technologies\/types\/\">1<\/a> , <a href=\"https:\/\/developers.google.com\/analytics\/devguides\/collection\/analyticsjs\/cookie-usage\">2<\/a> , <a href=\"https:\/\/support.google.com\/analytics\/answer\/2700409?hl=es&amp;topic=2611283\">3<\/a><\/p><p>Utilizamos cookies <strong>sociales<\/strong> para permitirle compartir los contenidos de nuestra web en las redes sociales en las que usted tenga presencia ayud\u00e1ndonos a la difusi\u00f3n de nuestros contenidos. Nosotros no realizamos transferencias internacionales de datos. Puedes informarte de las transferencias a terceros pa\u00edses que en su caso realizan los terceros identificados en esta pol\u00edtica de cookies en sus correspondientes pol\u00edticas, a continuaci\u00f3n, tienes los enlaces:<\/p><p>Los servicios se prestan a trav\u00e9s de: <a href=\"http:\/\/es-es.facebook.com\/help\/cookies\/?ref=sitefooter\">Facebook<\/a>\u00a0y <a href=\"https:\/\/support.twitter.com\/articles\/20170521-el-uso-que-hace-twitter-de-cookies-y-tecnologias-similares\">Twitter<\/a><\/p><p>Tambi\u00e9n utilizamos cookies que incluyen terceros cuando integramos <strong>contenido multimedia<\/strong> y que en base a sus gustos o preferencias le ayudar\u00e1n a personalizar sus preferencias en accesos sucesivos a nuestra web. Nosotros no realizamos transferencias internacionales de datos. Puedes informarte de las transferencias a terceros pa\u00edses que en su caso realizan los terceros identificados en esta pol\u00edtica de cookies en sus correspondientes pol\u00edticas, a continuaci\u00f3n, tienes los enlaces:<\/p><p>Los servicios se prestan a trav\u00e9s de: <a href=\"https:\/\/policies.google.com\/privacy\">YouTube<\/a><\/p><p>No utilizamos ning\u00fan tipo de cookie o rastreador ni similar que elabore perfiles con efectos jur\u00eddicos para nuestros usuarios.<\/p><p>Informaci\u00f3n sobre los periodos de conservaci\u00f3n de los datos:<\/p><ol><li>Las cookies de sesi\u00f3n se eliminan al terminar la navegaci\u00f3n<\/li><li>Las cookies persistentes se mantienen instaladas para recordarte en sucesivos accesos y su duraci\u00f3n viene determinada por el tercero y oscilan entre los 30 d\u00edas y los dos a\u00f1os.<\/li><li>Las cookies que se instalan para recordar que disponemos de tu consentimiento suelen tener una caducidad m\u00e1xima de 24 meses<\/li><li>Sobre las cookies recogidas por terceros no tenemos ninguna intervenci\u00f3n por lo que ser\u00e1 el tercero el que determine el periodo de su conservaci\u00f3n.<\/li><\/ol><p>Podr\u00e1s ejercer tus derechos ante el responsable del tratamiento seg\u00fan se detalla en la \u201cpol\u00edtica de privacidad\u201d de esta p\u00e1gina web.<\/p><p>El consentimiento prestado para la instalaci\u00f3n de las cookies podr\u00e1 ser revocado en cualquier momento y para ello bastar\u00e1 entrar en configuraci\u00f3n personalizada de las cookies y cambiar tu selecci\u00f3n.<\/p><p>Tambi\u00e9n podr\u00e1 establecer la revocaci\u00f3n del consentimiento en el propio navegador<\/p><p><strong>DESACTIVACI\u00d3N DE LAS COOKIES EN SISTEMAS OPERATIVOS MICROSOFT O APPLE<\/strong><\/p><p>A continuaci\u00f3n, te facilitamos los enlaces con la informaci\u00f3n necesaria para desactivar las cookies de los navegadores m\u00e1s utilizados:<\/p><table><tbody><tr><td width=\"154\"><strong>Internet Explorer<\/strong><\/td><td width=\"162\"><u><a href=\"https:\/\/support.microsoft.com\/es-es\/help\/17442\/windows-internet-explorer-delete-manage-cookies\">M\u00e1s informaci\u00f3n<\/a><\/u><\/td><\/tr><tr><td width=\"154\"><strong>Firefox<\/strong><\/td><td width=\"162\"><u><a href=\"http:\/\/support.mozilla.org\/es\/kb\/habilitar-y-deshabilitar-cookies-que-los-sitios-we\">M\u00e1s Informaci\u00f3n<\/a><\/u><\/td><\/tr><tr><td width=\"154\"><strong>Chrome<\/strong><\/td><td width=\"162\"><u><a href=\"https:\/\/support.google.com\/accounts\/answer\/61416?hl=es\">M\u00e1s informaci\u00f3n<\/a><\/u><\/td><\/tr><tr><td width=\"154\"><strong>Opera<\/strong><\/td><td width=\"162\"><u><a href=\"http:\/\/help.opera.com\/Linux\/10.60\/es-ES\/cookies.html\">M\u00e1s informaci\u00f3n<\/a><\/u><\/td><\/tr><tr><td width=\"154\"><strong>Safari<\/strong><\/td><td width=\"162\"><u><a href=\"https:\/\/support.apple.com\/es-es\/HT201265\">M\u00e1s Informaci\u00f3n<\/a><\/u><\/td><\/tr><\/tbody><\/table><p><strong>Desactivaci\u00f3n de las cookies en sistemas operativos Android y IOS\u00a0\u00a0\u00a0\u00a0\u00a0\u00a0\u00a0\u00a0 <\/strong><\/p><p>A continuaci\u00f3n, te facilitamos los enlaces con la informaci\u00f3n necesaria para desactivar las cookies de los navegadores m\u00e1s utilizados:<\/p><table><tbody><tr><td width=\"123\">\u00a0<\/td><td width=\"170\">\u00a0\u00a0\u00a0\u00a0\u00a0\u00a0\u00a0\u00a0\u00a0\u00a0\u00a0\u00a0 ANDROID<\/td><td width=\"180\">IPHONE Y IPAD<\/td><\/tr><tr><td width=\"123\">Firefox<\/td><td width=\"170\"><strong><u><a href=\"https:\/\/support.mozilla.org\/es\/kb\/habilitar-o-deshabilitar-cookies-en-firefox-para-android\">M\u00e1s informaci\u00f3n<\/a><\/u><\/strong><\/td><td width=\"180\"><u><a href=\"https:\/\/support.mozilla.org\/es\/kb\/limpia-historial-de-navegacion-web-en-firefox-para-ios\">M\u00e1s Informaci\u00f3n<\/a><\/u><\/td><\/tr><tr><td width=\"123\">Chrome<\/td><td width=\"170\"><strong><u><a href=\"https:\/\/support.google.com\/chrome\/answer\/95647?co=GENIE.Platform%3DAndroid&amp;hl=es-419&amp;oco=0\">M\u00e1s informaci\u00f3n<\/a><\/u><\/strong><\/td><td width=\"180\"><u><a href=\"https:\/\/support.google.com\/chrome\/answer\/95647?co=GENIE.Platform%3DiOS&amp;hl=es-419&amp;oco=0\">M\u00e1s Informaci\u00f3n<\/a><\/u><\/td><\/tr><tr><td width=\"123\">Opera<\/td><td width=\"170\"><u><a href=\"http:\/\/help.opera.com\/Linux\/10.60\/es-ES\/cookies.html\">M\u00e1s Informaci\u00f3n<\/a><\/u><\/td><td width=\"180\"><u><a href=\"http:\/\/help.opera.com\/Windows\/11.50\/es-ES\/cookies.html\">M\u00e1s Informaci\u00f3n<\/a><\/u><\/td><\/tr><tr><td width=\"123\">Safari<\/td><td width=\"170\">\u00a0<\/td><td width=\"180\"><u><a href=\"https:\/\/support.apple.com\/es-es\/HT201265\">M\u00e1s Informaci\u00f3n<\/a><\/u><\/td><\/tr><\/tbody><\/table><p><strong>INHABILITACI\u00d3N COOKIES DE GOOGLE ANALYTICS<\/strong><\/p><p>Para que los visitantes de nuestro sitio web tengan la posibilidad de evitar que Google Analytics utilice sus datos, puedes instalar el Complemento de Inhabilitaci\u00f3n para Navegadores de Google Analytics. Aqu\u00ed puedes encontrar m\u00e1s informaci\u00f3n sobre la instalaci\u00f3n y la desinstalaci\u00f3n del citado complemento en el siguiente <u><a href=\"https:\/\/tools.google.com\/dlpage\/gaoptout\">enlace<\/a><\/u><\/p><p>Tambi\u00e9n existe la alternativa a la navegaci\u00f3n en modo Privado. Este modo permite navegar a trav\u00e9s de las p\u00e1ginas de modo an\u00f3nimo. A continuaci\u00f3n, te indicamos los enlaces para activar el modo incognito de los principales navegadores:<\/p><table><tbody><tr><td width=\"189\"><strong>Explorador<\/strong><\/td><td width=\"189\"><strong>Modo<\/strong><\/td><td width=\"189\"><strong>Enlace<\/strong><\/td><\/tr><tr><td width=\"189\">Explorer<\/td><td width=\"189\">In\u00e9rvate<\/td><td width=\"189\"><u><a href=\"https:\/\/support.microsoft.com\/es-es\/help\/17479\/windows-internet-explorer-11-change-security-privacy-settings\">M\u00e1s Informaci\u00f3n<\/a><\/u><\/td><\/tr><tr><td width=\"189\">Firefox<\/td><td width=\"189\">Navegaci\u00f3n Privada<\/td><td width=\"189\"><u><a href=\"https:\/\/support.mozilla.org\/es\/kb\/navegacion-privada-Firefox-no-guardar-historial-navegacion?redirectlocale=en-US&amp;as=u&amp;redirectslug=Private+Browsing&amp;utm_source=inproduct\">M\u00e1s Informaci\u00f3n<\/a><\/u><\/td><\/tr><tr><td width=\"189\">Chrome<\/td><td width=\"189\">Modo Inc\u00f3gnito<\/td><td width=\"189\"><u><a href=\"https:\/\/support.google.com\/chrome\/answer\/95464?hl=es\">M\u00e1s Informaci\u00f3n <\/a><\/u><\/td><\/tr><tr><td width=\"189\">Safari<\/td><td width=\"189\">Navegaci\u00f3n Privada<\/td><td width=\"189\"><u><a href=\"https:\/\/support.apple.com\/kb\/PH17168?locale=en_US&amp;viewlocale=es_ES\">M\u00e1s Informaci\u00f3n<\/a><\/u><\/td><\/tr><tr><td width=\"189\">Opera<\/td><td width=\"189\">Navegaci\u00f3n Privada<\/td><td width=\"189\"><u><a href=\"http:\/\/help.opera.com\/Windows\/12.00\/es-ES\/private.html\">M\u00e1s Informaci\u00f3n<\/a><\/u><\/td><\/tr><\/tbody><\/table><p><strong>Enlaces:<\/strong> Cuando enlazas con noticias o v\u00eddeos externos a nuestra web, la p\u00e1gina enlazada puede contener otras cookies y deber\u00e1s visitar su propia pol\u00edtica de cookies para ajustar la configuraci\u00f3n, ya que son completamente ajenas a nosotros.<\/p><p>Si quieres eliminar la publicidad originada por las cookies de tercera parte, tambi\u00e9n tienes la opci\u00f3n de instalar en tu navegador un plugin como\u00a0<a href=\"http:\/\/adblockplus.org\/es\/\">Adblock<\/a>, que bloquee los anuncios.<\/p><p>Tambi\u00e9n puedes aplicar las extensiones \u201c<a href=\"https:\/\/www.ghostery.com\/\">Ghostery<\/a>\u201d o \u201c<a href=\"https:\/\/baycloud.com\/bouncer\">Baycloud Bounceer<\/a>\u201d a tu navegador y bloquear individualmente aquellas cookies, plugins y widgets que no te interesen.<\/p><p>Puedes obtener m\u00e1s informaci\u00f3n sobre cookies en los siguientes enlaces: <u><a href=\"http:\/\/www.youronlinechoices.com\/es\/\">Enlace 1<\/a><\/u>, <u><a href=\"http:\/\/www.allaboutcookies.org\/es\/\">Enlace 2<\/a><\/u><\/p>\t\t\t\t\t\t\t\t<\/div>\n\t\t\t\t<\/div>\n\t\t\t\t\t<\/div>\n\t\t<\/div>\n\t\t\t\t\t<\/div>\n\t\t<\/section>\n\t\t\t\t<\/div>\n\t\t","protected":false},"excerpt":{"rendered":"<p>Pol\u00edtica de Cookies En cumplimiento del art\u00edculo 22 de la Ley 34\/2002, de 11 de julio, de servicios de la sociedad de la informaci\u00f3n y de comercio electr\u00f3nico (en adelante, LSSI), en relaci\u00f3n con el Reglamento (UE) 2016\/679 del Parlamento Europeo y del Consejo, de 27 de abril de 2016, General de Protecci\u00f3n de Datos [&hellip;]<\/p>\n","protected":false},"author":6,"featured_media":0,"parent":0,"menu_order":17,"comment_status":"closed","ping_status":"closed","template":"","meta":{"footnotes":""},"class_list":["post-4169","page","type-page","status-publish","hentry"],"_links":{"self":[{"href":"https:\/\/www.grupobertomeu.es\/en\/wp-json\/wp\/v2\/pages\/4169","targetHints":{"allow":["GET"]}}],"collection":[{"href":"https:\/\/www.grupobertomeu.es\/en\/wp-json\/wp\/v2\/pages"}],"about":[{"href":"https:\/\/www.grupobertomeu.es\/en\/wp-json\/wp\/v2\/types\/page"}],"author":[{"embeddable":true,"href":"https:\/\/www.grupobertomeu.es\/en\/wp-json\/wp\/v2\/users\/6"}],"replies":[{"embeddable":true,"href":"https:\/\/www.grupobertomeu.es\/en\/wp-json\/wp\/v2\/comments?post=4169"}],"version-history":[{"count":2,"href":"https:\/\/www.grupobertomeu.es\/en\/wp-json\/wp\/v2\/pages\/4169\/revisions"}],"predecessor-version":[{"id":4417,"href":"https:\/\/www.grupobertomeu.es\/en\/wp-json\/wp\/v2\/pages\/4169\/revisions\/4417"}],"wp:attachment":[{"href":"https:\/\/www.grupobertomeu.es\/en\/wp-json\/wp\/v2\/media?parent=4169"}],"curies":[{"name":"wp","href":"https:\/\/api.w.org\/{rel}","templated":true}]}}